{"id":2202,"date":"2025-07-25T05:26:23","date_gmt":"2025-07-25T05:26:23","guid":{"rendered":"https:\/\/www.top-road.cn\/?page_id=2202"},"modified":"2025-07-25T13:33:23","modified_gmt":"2025-07-25T13:33:23","slug":"news","status":"publish","type":"page","link":"https:\/\/www.top-road.cn\/es\/news\/","title":{"rendered":"Noticias"},"content":{"rendered":"<style>.elementor-2202 .elementor-element.elementor-element-2cc3709{--display:flex;--flex-direction:row;--container-widget-width:initial;--container-widget-height:100%;--container-widget-flex-grow:1;--container-widget-align-self:stretch;--flex-wrap-mobile:wrap;}.elementor-2202 .elementor-element.elementor-element-778e9b4 .elementor-posts-container .elementor-post__thumbnail{padding-bottom:calc( 0.66 * 100% );}.elementor-2202 .elementor-element.elementor-element-778e9b4:after{content:\"0.66\";}.elementor-2202 .elementor-element.elementor-element-778e9b4 .elementor-post__meta-data span + span:before{content:\"\u2022\";}.elementor-2202 .elementor-element.elementor-element-778e9b4{--grid-column-gap:30px;--grid-row-gap:35px;width:var( --container-widget-width, 1005.016% );max-width:1005.016%;--container-widget-width:1005.016%;--container-widget-flex-grow:0;}.elementor-2202 .elementor-element.elementor-element-778e9b4 .elementor-post__text{margin-top:20px;}.elementor-2202 .elementor-element.elementor-element-778e9b4 .elementor-post__badge{right:0;}.elementor-2202 .elementor-element.elementor-element-778e9b4 .elementor-post__card .elementor-post__badge{margin:20px;}.elementor-2202 .elementor-element.elementor-element-778e9b4.elementor-element{--flex-grow:0;--flex-shrink:0;}@media(max-width:767px){.elementor-2202 .elementor-element.elementor-element-778e9b4 .elementor-posts-container .elementor-post__thumbnail{padding-bottom:calc( 0.5 * 100% );}.elementor-2202 .elementor-element.elementor-element-778e9b4:after{content:\"0.5\";}}<\/style>\t\t<div data-elementor-type=\"wp-page\" data-elementor-id=\"2202\" class=\"elementor elementor-2202\" data-elementor-post-type=\"page\">\n\t\t\t\t<div class=\"elementor-element elementor-element-2cc3709 e-flex e-con-boxed e-con e-parent\" data-id=\"2cc3709\" data-element_type=\"container\" data-e-type=\"container\">\n\t\t\t\t\t<div class=\"e-con-inner\">\n\t\t\t\t<div class=\"elementor-element elementor-element-778e9b4 elementor-widget__width-initial elementor-grid-3 elementor-grid-tablet-2 elementor-grid-mobile-1 elementor-posts--thumbnail-top elementor-posts--show-avatar elementor-card-shadow-yes elementor-posts__hover-gradient elementor-widget elementor-widget-posts\" data-id=\"778e9b4\" data-element_type=\"widget\" data-e-type=\"widget\" data-settings=\"{&quot;cards_columns&quot;:&quot;3&quot;,&quot;cards_columns_tablet&quot;:&quot;2&quot;,&quot;cards_columns_mobile&quot;:&quot;1&quot;,&quot;cards_row_gap&quot;:{&quot;unit&quot;:&quot;px&quot;,&quot;size&quot;:35,&quot;sizes&quot;:[]},&quot;cards_row_gap_tablet&quot;:{&quot;unit&quot;:&quot;px&quot;,&quot;size&quot;:&quot;&quot;,&quot;sizes&quot;:[]},&quot;cards_row_gap_mobile&quot;:{&quot;unit&quot;:&quot;px&quot;,&quot;size&quot;:&quot;&quot;,&quot;sizes&quot;:[]}}\" data-widget_type=\"posts.cards\">\n\t\t\t\t<div class=\"elementor-widget-container\">\n\t\t\t\t\t\t\t<div class=\"elementor-posts-container elementor-posts elementor-posts--skin-cards elementor-grid\" role=\"list\">\n\t\t\t\t<article class=\"elementor-post elementor-grid-item post-2644 post type-post status-publish format-standard has-post-thumbnail hentry category-uncategorized\" role=\"listitem\">\n\t\t\t<div class=\"elementor-post__card\">\n\t\t\t\t<a class=\"elementor-post__thumbnail__link\" href=\"https:\/\/www.top-road.cn\/es\/equipped-with-advanced-machinery-such-as-german-made-heidelberg-four-color-printing-presses\/\" tabindex=\"-1\" ><div class=\"elementor-post__thumbnail\"><img fetchpriority=\"high\" decoding=\"async\" width=\"300\" height=\"300\" src=\"https:\/\/www.top-road.cn\/wp-content\/uploads\/2025\/07\/103-300x300.jpg\" class=\"attachment-medium size-medium wp-image-2645\" alt=\"\" srcset=\"https:\/\/www.top-road.cn\/wp-content\/uploads\/2025\/07\/103-300x300.jpg 300w, https:\/\/www.top-road.cn\/wp-content\/uploads\/2025\/07\/103-150x150.jpg 150w, https:\/\/www.top-road.cn\/wp-content\/uploads\/2025\/07\/103-768x768.jpg 768w, https:\/\/www.top-road.cn\/wp-content\/uploads\/2025\/07\/103-12x12.jpg 12w, https:\/\/www.top-road.cn\/wp-content\/uploads\/2025\/07\/103-700x700.jpg 700w, https:\/\/www.top-road.cn\/wp-content\/uploads\/2025\/07\/103-600x600.jpg 600w, https:\/\/www.top-road.cn\/wp-content\/uploads\/2025\/07\/103-100x100.jpg 100w, https:\/\/www.top-road.cn\/wp-content\/uploads\/2025\/07\/103.jpg 800w\" sizes=\"(max-width: 300px) 100vw, 300px\" \/><\/div><\/a>\n\t\t\t\t<div class=\"elementor-post__badge\">Sin categor\u00eda<\/div>\n\t\t\t\t<div class=\"elementor-post__avatar\">\n\t\t\t<img alt='jinxing6611@gmail.com' src='https:\/\/secure.gravatar.com\/avatar\/3e402e2873bc6bbb4fd312757aef3f820eace40f44660b49a40b976e2893c594?s=128&#038;d=mm&#038;r=g' srcset='https:\/\/secure.gravatar.com\/avatar\/3e402e2873bc6bbb4fd312757aef3f820eace40f44660b49a40b976e2893c594?s=256&#038;d=mm&#038;r=g 2x' class='avatar avatar-128 photo' height='128' width='128' \/>\t\t<\/div>\n\t\t\t\t<div class=\"elementor-post__text\">\n\t\t\t\t<h3 class=\"elementor-post__title\">\n\t\t\t<a href=\"https:\/\/www.top-road.cn\/es\/equipped-with-advanced-machinery-such-as-german-made-heidelberg-four-color-printing-presses\/\" >\n\t\t\t\tEquipada con maquinaria avanzada, como las cuatricrom\u00edas Heidelberg de fabricaci\u00f3n alemana\t\t\t<\/a>\n\t\t<\/h3>\n\t\t\t\t<div class=\"elementor-post__excerpt\">\n\t\t\t<p>Equipada con maquinaria avanzada, como m\u00e1quinas de impresi\u00f3n en cuatricrom\u00eda Heidelberg de fabricaci\u00f3n alemana, 6 l\u00edneas automatizadas de producci\u00f3n de encuadernaci\u00f3n, 6 archivadoras Hohner y m\u00e1s de 20 juegos.<\/p>\n\t\t<\/div>\n\t\t\n\t\t<a class=\"elementor-post__read-more\" href=\"https:\/\/www.top-road.cn\/es\/equipped-with-advanced-machinery-such-as-german-made-heidelberg-four-color-printing-presses\/\" aria-label=\"M\u00e1s informaci\u00f3n sobre Equipped with advanced machinery such as German-made Heidelberg\u00a0four-color printing presses\" tabindex=\"-1\" >\n\t\t\tLeer M\u00e1s \"\t\t<\/a>\n\n\t\t\t\t<\/div>\n\t\t\t\t<div class=\"elementor-post__meta-data\">\n\t\t\t\t\t<span class=\"elementor-post-date\">\n\t\t\t29 de julio de 2025\t\t<\/span>\n\t\t\t\t<span class=\"elementor-post-avatar\">\n\t\t\tNo hay comentarios\t\t<\/span>\n\t\t\t\t<\/div>\n\t\t\t\t\t<\/div>\n\t\t<\/article>\n\t\t\t\t<article class=\"elementor-post elementor-grid-item post-2634 post type-post status-publish format-standard has-post-thumbnail hentry category-uncategorized\" role=\"listitem\">\n\t\t\t<div class=\"elementor-post__card\">\n\t\t\t\t<a class=\"elementor-post__thumbnail__link\" href=\"https:\/\/www.top-road.cn\/es\/our-expansive-sales-network-ensures-efficient-global-client-support\/\" tabindex=\"-1\" ><div class=\"elementor-post__thumbnail\"><img decoding=\"async\" width=\"300\" height=\"300\" src=\"https:\/\/www.top-road.cn\/wp-content\/uploads\/2025\/07\/22-300x300.jpg\" class=\"attachment-medium size-medium wp-image-2635\" alt=\"\" srcset=\"https:\/\/www.top-road.cn\/wp-content\/uploads\/2025\/07\/22-300x300.jpg 300w, https:\/\/www.top-road.cn\/wp-content\/uploads\/2025\/07\/22-1024x1024.jpg 1024w, https:\/\/www.top-road.cn\/wp-content\/uploads\/2025\/07\/22-150x150.jpg 150w, https:\/\/www.top-road.cn\/wp-content\/uploads\/2025\/07\/22-768x768.jpg 768w, https:\/\/www.top-road.cn\/wp-content\/uploads\/2025\/07\/22-12x12.jpg 12w, https:\/\/www.top-road.cn\/wp-content\/uploads\/2025\/07\/22-700x700.jpg 700w, https:\/\/www.top-road.cn\/wp-content\/uploads\/2025\/07\/22-600x600.jpg 600w, https:\/\/www.top-road.cn\/wp-content\/uploads\/2025\/07\/22-100x100.jpg 100w, https:\/\/www.top-road.cn\/wp-content\/uploads\/2025\/07\/22.jpg 1200w\" sizes=\"(max-width: 300px) 100vw, 300px\" \/><\/div><\/a>\n\t\t\t\t<div class=\"elementor-post__badge\">Sin categor\u00eda<\/div>\n\t\t\t\t<div class=\"elementor-post__avatar\">\n\t\t\t<img alt='jinxing6611@gmail.com' src='https:\/\/secure.gravatar.com\/avatar\/3e402e2873bc6bbb4fd312757aef3f820eace40f44660b49a40b976e2893c594?s=128&#038;d=mm&#038;r=g' srcset='https:\/\/secure.gravatar.com\/avatar\/3e402e2873bc6bbb4fd312757aef3f820eace40f44660b49a40b976e2893c594?s=256&#038;d=mm&#038;r=g 2x' class='avatar avatar-128 photo' height='128' width='128' \/>\t\t<\/div>\n\t\t\t\t<div class=\"elementor-post__text\">\n\t\t\t\t<h3 class=\"elementor-post__title\">\n\t\t\t<a href=\"https:\/\/www.top-road.cn\/es\/our-expansive-sales-network-ensures-efficient-global-client-support\/\" >\n\t\t\t\tNuestra amplia red de ventas garantiza una asistencia eficaz a nuestros clientes en todo el mundo.\t\t\t<\/a>\n\t\t<\/h3>\n\t\t\t\t<div class=\"elementor-post__excerpt\">\n\t\t\t<p>Para mejorar la innovaci\u00f3n y el servicio, contamos con equipos dedicados al dise\u00f1o y desarrollo de productos en Ningbo y Yiwu, as\u00ed como con un experimentado equipo de compras especializado en<\/p>\n\t\t<\/div>\n\t\t\n\t\t<a class=\"elementor-post__read-more\" href=\"https:\/\/www.top-road.cn\/es\/our-expansive-sales-network-ensures-efficient-global-client-support\/\" aria-label=\"M\u00e1s informaci\u00f3n sobre Our expansive sales network ensures efficient global client support.\" tabindex=\"-1\" >\n\t\t\tLeer M\u00e1s \"\t\t<\/a>\n\n\t\t\t\t<\/div>\n\t\t\t\t<div class=\"elementor-post__meta-data\">\n\t\t\t\t\t<span class=\"elementor-post-date\">\n\t\t\t29 de julio de 2025\t\t<\/span>\n\t\t\t\t<span class=\"elementor-post-avatar\">\n\t\t\tNo hay comentarios\t\t<\/span>\n\t\t\t\t<\/div>\n\t\t\t\t\t<\/div>\n\t\t<\/article>\n\t\t\t\t<\/div>\n\t\t\n\t\t\t\t\t\t<\/div>\n\t\t\t\t<\/div>\n\t\t\t\t\t<\/div>\n\t\t\t\t<\/div>\n\t\t\t\t<\/div>","protected":false},"excerpt":{"rendered":"","protected":false},"author":1,"featured_media":0,"parent":0,"menu_order":0,"comment_status":"closed","ping_status":"closed","template":"","meta":{"_uag_custom_page_level_css":"","site-sidebar-layout":"no-sidebar","site-content-layout":"page-builder","ast-site-content-layout":"full-width-container","site-content-style":"default","site-sidebar-style":"default","ast-global-header-display":"","ast-banner-title-visibility":"","ast-main-header-display":"","ast-hfb-above-header-display":"","ast-hfb-below-header-display":"","ast-hfb-mobile-header-display":"","site-post-title":"disabled","ast-breadcrumbs-content":"","ast-featured-img":"disabled","footer-sml-layout":"","ast-disable-related-posts":"","theme-transparent-header-meta":"","adv-header-id-meta":"","stick-header-meta":"","header-above-stick-meta":"","header-main-stick-meta":"","header-below-stick-meta":"","astra-migrate-meta-layouts":"set","ast-page-background-enabled":"default","ast-page-background-meta":{"desktop":{"background-color":"","background-image":"","background-repeat":"repeat","background-position":"center center","background-size":"auto","background-attachment":"scroll","background-type":"","background-media":"","overlay-type":"","overlay-color":"","overlay-opacity":"","overlay-gradient":""},"tablet":{"background-color":"","background-image":"","background-repeat":"repeat","background-position":"center center","background-size":"auto","background-attachment":"scroll","background-type":"","background-media":"","overlay-type":"","overlay-color":"","overlay-opacity":"","overlay-gradient":""},"mobile":{"background-color":"","background-image":"","background-repeat":"repeat","background-position":"center center","background-size":"auto","background-attachment":"scroll","background-type":"","background-media":"","overlay-type":"","overlay-color":"","overlay-opacity":"","overlay-gradient":""}},"ast-content-background-meta":{"desktop":{"background-color":"var(--ast-global-color-5)","background-image":"","background-repeat":"repeat","background-position":"center center","background-size":"auto","background-attachment":"scroll","background-type":"","background-media":"","overlay-type":"","overlay-color":"","overlay-opacity":"","overlay-gradient":""},"tablet":{"background-color":"var(--ast-global-color-5)","background-image":"","background-repeat":"repeat","background-position":"center center","background-size":"auto","background-attachment":"scroll","background-type":"","background-media":"","overlay-type":"","overlay-color":"","overlay-opacity":"","overlay-gradient":""},"mobile":{"background-color":"var(--ast-global-color-5)","background-image":"","background-repeat":"repeat","background-position":"center center","background-size":"auto","background-attachment":"scroll","background-type":"","background-media":"","overlay-type":"","overlay-color":"","overlay-opacity":"","overlay-gradient":""}},"footnotes":""},"class_list":["post-2202","page","type-page","status-publish","hentry"],"uagb_featured_image_src":{"full":false,"thumbnail":false,"medium":false,"medium_large":false,"large":false,"1536x1536":false,"2048x2048":false,"trp-custom-language-flag":false,"tp-image-grid":false,"woocommerce_thumbnail":false,"woocommerce_single":false,"woocommerce_gallery_thumbnail":false},"uagb_author_info":{"display_name":"jinxing6611@gmail.com","author_link":"https:\/\/www.top-road.cn\/es\/author\/jinxing6611gmail-com\/"},"uagb_comment_info":0,"uagb_excerpt":null,"_links":{"self":[{"href":"https:\/\/www.top-road.cn\/es\/wp-json\/wp\/v2\/pages\/2202","targetHints":{"allow":["GET"]}}],"collection":[{"href":"https:\/\/www.top-road.cn\/es\/wp-json\/wp\/v2\/pages"}],"about":[{"href":"https:\/\/www.top-road.cn\/es\/wp-json\/wp\/v2\/types\/page"}],"author":[{"embeddable":true,"href":"https:\/\/www.top-road.cn\/es\/wp-json\/wp\/v2\/users\/1"}],"replies":[{"embeddable":true,"href":"https:\/\/www.top-road.cn\/es\/wp-json\/wp\/v2\/comments?post=2202"}],"version-history":[{"count":10,"href":"https:\/\/www.top-road.cn\/es\/wp-json\/wp\/v2\/pages\/2202\/revisions"}],"predecessor-version":[{"id":2530,"href":"https:\/\/www.top-road.cn\/es\/wp-json\/wp\/v2\/pages\/2202\/revisions\/2530"}],"wp:attachment":[{"href":"https:\/\/www.top-road.cn\/es\/wp-json\/wp\/v2\/media?parent=2202"}],"curies":[{"name":"wp","href":"https:\/\/api.w.org\/{rel}","templated":true}]}}